{"id":1076,"date":"2022-05-23T22:27:08","date_gmt":"2022-05-23T22:27:08","guid":{"rendered":"https:\/\/nk5.es\/cookie-policy\/"},"modified":"2023-11-24T08:31:57","modified_gmt":"2023-11-24T08:31:57","slug":"cookie-policy","status":"publish","type":"page","link":"https:\/\/nk5.es\/en\/cookie-policy\/","title":{"rendered":"Cookie Policy"},"content":{"rendered":"<p>EN NK5 Partners, S.L. (en adelante \u201cNK5\u201d), le informa acerca del uso de las cookies en la presente web. La presente pol\u00edtica de cookies complementa la pol\u00edtica de privacidad del sitio web.<\/p>\n<h5>\u00bfQu\u00e9 son las cookies?<\/h5>\n<p>Una cookie es un archivo o dispositivo que se descarga en el ordenador\/smartphone\/tablet del usuario al acceder a determinadas p\u00e1ginas web para almacenar y recuperar informaci\u00f3n del equipo terminal. Entre otras funciones, permite almacenar y recuperar informaci\u00f3n sobre los h\u00e1bitos de navegaci\u00f3n de un usuario con el fin de mejorar el servicio ofrecido.<\/p>\n<h5>Tipo de cookies<\/h5>\n<p>Encontramos las siguientes clasificaciones:<\/p>\n<p>1. Seg\u00fan quien sea la entidad que gestione el dominio desde donde se env\u00edan las cookies y trate los datos que se obtengan se pueden distinguir dos tipos:<\/p>\n<ul>\n<li>Cookies propias: son aquellas que se env\u00edan a su equipo terminal desde nuestros propios equipos o dominios.<\/li>\n<li>Cookies de terceros: son aquellas que se env\u00edan a su equipo terminal desde un equipo o dominio de otra entidad ajena al editor de la p\u00e1gina web.<\/li>\n<\/ul>\n<p>2. Seg\u00fan el plazo de tiempo que permanecen almacenadas en el navegador del usuario, pudiendo tratarse de:<\/p>\n<ul>\n<li>Cookies de sesi\u00f3n: aquellas cookies activadas mientras el usuario navega por la p\u00e1gina web (mientras mantiene activa la sesi\u00f3n).<\/li>\n<li>Cookies persistentes: aquellas cookies almacenadas por un tiempo determinado en el equipo terminal del usuario, para las que el responsable tiene acceso cuando el usuario se conecta a su p\u00e1gina web.<\/li>\n<\/ul>\n<p>3. Seg\u00fan la finalidad para la que se traten los datos obtenidos:<\/p>\n<ul>\n<li>Cookies t\u00e9cnicas: aquellas cookies necesarias para el uso del sitio web y para la prestaci\u00f3n de servicios.<\/li>\n<li>Cookies de personalizaci\u00f3n: aqu\u00e9llas que permiten al usuario acceder al servicio con algunas caracter\u00edsticas de car\u00e1cter general predefinidas en funci\u00f3n de una serie de criterios en el terminal del usuario (idioma, tipo de navegador\u2026).<\/li>\n<li>Cookies de an\u00e1lisis: aqu\u00e9llas que permiten el seguimiento y an\u00e1lisis estad\u00edstico del comportamiento del conjunto de los usuarios de los sitios web a los que est\u00e1n vinculadas.<\/li>\n<li>Cookies publicitarias: aqu\u00e9llas que permiten la gesti\u00f3n de los espacios publicitarios en la p\u00e1gina web, aplicaci\u00f3n o plataforma desde la que se presta el servicio solicitado.<\/li>\n<li>Cookies de publicidad comportamental: aqu\u00e9llas que almacenan informaci\u00f3n del comportamiento de los usuarios obtenida a trav\u00e9s de los h\u00e1bitos de navegaci\u00f3n del usuario, lo que permite desarrollar un perfil espec\u00edfico para mostrar publicidad.<\/li>\n<\/ul>\n<h5>Cookies utilizadas en nuestra web<\/h5>\n<p>A continuaci\u00f3n, se identifican las cookies que est\u00e1n siendo utilizadas en nuestro sitio web as\u00ed como su tipolog\u00eda y funci\u00f3n:<br \/>\nCookies de personalizaci\u00f3n y t\u00e9cnicas estrictamente necesarias para la prestaci\u00f3n de determinados servicios solicitados expresamente por el usuario: si se desactivan estas cookies, no podr\u00e1 recibir correctamente nuestros contenidos y servicios; y<br \/>\nCookies de an\u00e1lisis para el seguimiento y an\u00e1lisis estad\u00edstico del comportamiento del conjunto de los usuarios.<\/p>\n<ul>\n<li><strong>Google Analytics<\/strong> <span style=\"font-weight: 400;\">(__gat, __gid, __ga)<\/span>\n<ul>\n<li><strong>finalidad<\/strong>:<br \/>\nSaber c\u00f3mo navega por nuestra web con el fin de mejorar los servicios que le podemos ofrecer. Esta informaci\u00f3n es an\u00f3nima y solo la necesitamos para fines estad\u00edsticos.<br \/>\nPuede obtener m\u00e1s informaci\u00f3n en <a href=\"https:\/\/developers.google.com\/analytics\/devguides\/collection\/gtagjs\/cookie-usage?hl=es\">este enlace.<\/a><\/li>\n<li><strong>duraci\u00f3n<\/strong>: <span style=\"font-weight: 400;\">Persistentes: _ga durante 2 a\u00f1os; _gid durante 24 horas; _gat durante 1 minuto<\/span><\/li>\n<li><strong>titular<\/strong>: NK5<\/li>\n<\/ul>\n<\/li>\n<\/ul>\n<p>En el caso de que mediante el empleo de cookies recabemos datos considerados, de acuerdo con la normativa vigente, como datos personales, trataremos y conservaremos los mismos durante el tiempo necesario para alcanzar la finalidad perseguida con su empleo, en funci\u00f3n de cada caso. Una vez alcanzados dichos prop\u00f3sitos, podr\u00e1n conservarse debidamente bloqueados ante el evento de resultar necesarios para el ejercicio, formulaci\u00f3n o defensa de acciones y reclamaciones en relaci\u00f3n con su empleo. Concluidos dichos plazos, la informaci\u00f3n ser\u00e1 eliminada.<br \/>\nNo se prev\u00e9 la transferencia internacional por parte de NK5 respecto de los datos recabados empleando cookies. Sin perjuicio de ello, respecto de las transferencias que, en cada caso, puedan hacer los terceros instaladores de cookies en nuestra p\u00e1gina web, puede obtener informaci\u00f3n en sus respectivas pol\u00edticas, accesibles en los enlaces anteriormente indicados.<\/p>\n<h5>C\u00f3mo modificar la configuraci\u00f3n de las cookies<\/h5>\n<p>El usuario puede reconfigurar sus preferencias en cuanto a cookies, prestar su consentimiento al uso de cookies o revocarlo en cualquier momento a trav\u00e9s del enlace Configuraci\u00f3n de cookies.<br \/>\nAsimismo, el usuario puede prestar su consentimiento al uso de cookies o revocarlo en cualquier momento utilizando su navegador, por el que puede permitir, restringir, bloquear o borrar las cookies utilizadas desde nuestro Sitio Web.<br \/>\nLa forma de hacerlo ser\u00e1 diferente en funci\u00f3n del tipo de navegador utilizado durante la navegaci\u00f3n. En los siguientes enlaces tiene a su disposici\u00f3n toda la informaci\u00f3n para configurar o deshabilitar las cookies en cada navegador:<\/p>\n<p><a href=\"https:\/\/support.microsoft.com\/es-es\/windows\/eliminar-y-administrar-cookies-168dab11-0753-043d-7c16-ede5947fc64d#ie=ie-10\" target=\"_blank\" rel=\"noopener\">Internet Explorer<\/a><br \/>\n<a href=\"https:\/\/support.mozilla.org\/es\/kb\/Borrar%20cookies\" target=\"_blank\" rel=\"noopener\">Firefox<\/a><br \/>\n<a href=\"https:\/\/support.google.com\/chrome\/answer\/95647?hl=es\" target=\"_blank\" rel=\"noopener\">Chrome<\/a><br \/>\n<a href=\"https:\/\/www.apple.com\/legal\/privacy\/es\/cookies\/\" target=\"_blank\" rel=\"noopener\">Safari<\/a><\/p>\n<p>Adem\u00e1s, tambi\u00e9n el usuario puede gestionar el almac\u00e9n de cookies de su navegador y su desactivaci\u00f3n a trav\u00e9s de herramientas como:<\/p>\n<p><a href=\"https:\/\/www.ghostery.com\/\" target=\"_blank\" rel=\"noopener\">Ghostery<\/a><br \/>\n<a href=\"https:\/\/www.youronlinechoices.com\/es\/\" target=\"_blank\" rel=\"noopener\">Your online choices<\/a><\/p>\n<p>En caso de que el usuario no permita la instalaci\u00f3n de las cookies en su equipo terminal a trav\u00e9s de su navegador, es posible que no pueda acceder correctamente a los contenidos y servicios de nuestra web.<br \/>\nLa presente Pol\u00edtica de Cookies podr\u00e1 ser objeto de modificaciones, por lo que se recomienda al usuario que la consulte cada vez que acceda al sitio web.<\/p>\n","protected":false},"excerpt":{"rendered":"<p>EN NK5 Partners, S.L. (en adelante \u201cNK5\u201d), le informa acerca del uso de las cookies en la presente web. La presente pol\u00edtica de cookies complementa la pol\u00edtica de privacidad del sitio web. \u00bfQu\u00e9 son las cookies? Una cookie es un archivo o dispositivo que se descarga en el ordenador\/smartphone\/tablet del usuario al acceder a determinadas [&hellip;]<\/p>\n","protected":false},"author":1,"featured_media":0,"parent":0,"menu_order":23,"comment_status":"closed","ping_status":"closed","template":"templates\/page-legal.php","meta":{"footnotes":""},"acf":[],"yoast_head":"<!-- This site is optimized with the Yoast SEO plugin v22.6 - https:\/\/yoast.com\/wordpress\/plugins\/seo\/ -->\n<title>Cookie Policy - NK5<\/title>\n<meta name=\"robots\" content=\"index, follow, max-snippet:-1, max-image-preview:large, max-video-preview:-1\" \/>\n<link rel=\"canonical\" href=\"https:\/\/nk5.es\/en\/cookie-policy\/\" \/>\n<meta property=\"og:locale\" content=\"en_US\" \/>\n<meta property=\"og:type\" content=\"article\" \/>\n<meta property=\"og:title\" content=\"Cookie Policy - NK5\" \/>\n<meta property=\"og:description\" content=\"EN NK5 Partners, S.L. (en adelante \u201cNK5\u201d), le informa acerca del uso de las cookies en la presente web. La presente pol\u00edtica de cookies complementa la pol\u00edtica de privacidad del sitio web. \u00bfQu\u00e9 son las cookies? Una cookie es un archivo o dispositivo que se descarga en el ordenador\/smartphone\/tablet del usuario al acceder a determinadas [&hellip;]\" \/>\n<meta property=\"og:url\" content=\"https:\/\/nk5.es\/en\/cookie-policy\/\" \/>\n<meta property=\"og:site_name\" content=\"NK5\" \/>\n<meta property=\"article:modified_time\" content=\"2023-11-24T08:31:57+00:00\" \/>\n<meta name=\"twitter:card\" content=\"summary_large_image\" \/>\n<meta name=\"twitter:label1\" content=\"Est. reading time\" \/>\n\t<meta name=\"twitter:data1\" content=\"5 minutes\" \/>\n<script type=\"application\/ld+json\" class=\"yoast-schema-graph\">{\"@context\":\"https:\/\/schema.org\",\"@graph\":[{\"@type\":\"WebPage\",\"@id\":\"https:\/\/nk5.es\/en\/cookie-policy\/\",\"url\":\"https:\/\/nk5.es\/en\/cookie-policy\/\",\"name\":\"Cookie Policy - NK5\",\"isPartOf\":{\"@id\":\"https:\/\/nk5.es\/en\/#website\"},\"datePublished\":\"2022-05-23T22:27:08+00:00\",\"dateModified\":\"2023-11-24T08:31:57+00:00\",\"breadcrumb\":{\"@id\":\"https:\/\/nk5.es\/en\/cookie-policy\/#breadcrumb\"},\"inLanguage\":\"en-US\",\"potentialAction\":[{\"@type\":\"ReadAction\",\"target\":[\"https:\/\/nk5.es\/en\/cookie-policy\/\"]}]},{\"@type\":\"BreadcrumbList\",\"@id\":\"https:\/\/nk5.es\/en\/cookie-policy\/#breadcrumb\",\"itemListElement\":[{\"@type\":\"ListItem\",\"position\":1,\"name\":\"Home\",\"item\":\"https:\/\/nk5.es\/en\/\"},{\"@type\":\"ListItem\",\"position\":2,\"name\":\"Cookie Policy\"}]},{\"@type\":\"WebSite\",\"@id\":\"https:\/\/nk5.es\/en\/#website\",\"url\":\"https:\/\/nk5.es\/en\/\",\"name\":\"NK5\",\"description\":\"Reestructuraci\u00f3n empresarial y turnaround\",\"publisher\":{\"@id\":\"https:\/\/nk5.es\/en\/#organization\"},\"potentialAction\":[{\"@type\":\"SearchAction\",\"target\":{\"@type\":\"EntryPoint\",\"urlTemplate\":\"https:\/\/nk5.es\/en\/?s={search_term_string}\"},\"query-input\":\"required name=search_term_string\"}],\"inLanguage\":\"en-US\"},{\"@type\":\"Organization\",\"@id\":\"https:\/\/nk5.es\/en\/#organization\",\"name\":\"NK5 \u2013 Reestructuraci\u00f3n empresarial y turnaround\",\"url\":\"https:\/\/nk5.es\/en\/\",\"logo\":{\"@type\":\"ImageObject\",\"inLanguage\":\"en-US\",\"@id\":\"https:\/\/nk5.es\/en\/#\/schema\/logo\/image\/\",\"url\":\"https:\/\/nk5.es\/wp-content\/uploads\/2022\/06\/medios-nk5.jpg\",\"contentUrl\":\"https:\/\/nk5.es\/wp-content\/uploads\/2022\/06\/medios-nk5.jpg\",\"width\":960,\"height\":600,\"caption\":\"NK5 \u2013 Reestructuraci\u00f3n empresarial y turnaround\"},\"image\":{\"@id\":\"https:\/\/nk5.es\/en\/#\/schema\/logo\/image\/\"}}]}<\/script>\n<!-- \/ Yoast SEO plugin. -->","yoast_head_json":{"title":"Cookie Policy - NK5","robots":{"index":"index","follow":"follow","max-snippet":"max-snippet:-1","max-image-preview":"max-image-preview:large","max-video-preview":"max-video-preview:-1"},"canonical":"https:\/\/nk5.es\/en\/cookie-policy\/","og_locale":"en_US","og_type":"article","og_title":"Cookie Policy - NK5","og_description":"EN NK5 Partners, S.L. (en adelante \u201cNK5\u201d), le informa acerca del uso de las cookies en la presente web. La presente pol\u00edtica de cookies complementa la pol\u00edtica de privacidad del sitio web. \u00bfQu\u00e9 son las cookies? Una cookie es un archivo o dispositivo que se descarga en el ordenador\/smartphone\/tablet del usuario al acceder a determinadas [&hellip;]","og_url":"https:\/\/nk5.es\/en\/cookie-policy\/","og_site_name":"NK5","article_modified_time":"2023-11-24T08:31:57+00:00","twitter_card":"summary_large_image","twitter_misc":{"Est. reading time":"5 minutes"},"schema":{"@context":"https:\/\/schema.org","@graph":[{"@type":"WebPage","@id":"https:\/\/nk5.es\/en\/cookie-policy\/","url":"https:\/\/nk5.es\/en\/cookie-policy\/","name":"Cookie Policy - NK5","isPartOf":{"@id":"https:\/\/nk5.es\/en\/#website"},"datePublished":"2022-05-23T22:27:08+00:00","dateModified":"2023-11-24T08:31:57+00:00","breadcrumb":{"@id":"https:\/\/nk5.es\/en\/cookie-policy\/#breadcrumb"},"inLanguage":"en-US","potentialAction":[{"@type":"ReadAction","target":["https:\/\/nk5.es\/en\/cookie-policy\/"]}]},{"@type":"BreadcrumbList","@id":"https:\/\/nk5.es\/en\/cookie-policy\/#breadcrumb","itemListElement":[{"@type":"ListItem","position":1,"name":"Home","item":"https:\/\/nk5.es\/en\/"},{"@type":"ListItem","position":2,"name":"Cookie Policy"}]},{"@type":"WebSite","@id":"https:\/\/nk5.es\/en\/#website","url":"https:\/\/nk5.es\/en\/","name":"NK5","description":"Reestructuraci\u00f3n empresarial y turnaround","publisher":{"@id":"https:\/\/nk5.es\/en\/#organization"},"potentialAction":[{"@type":"SearchAction","target":{"@type":"EntryPoint","urlTemplate":"https:\/\/nk5.es\/en\/?s={search_term_string}"},"query-input":"required name=search_term_string"}],"inLanguage":"en-US"},{"@type":"Organization","@id":"https:\/\/nk5.es\/en\/#organization","name":"NK5 \u2013 Reestructuraci\u00f3n empresarial y turnaround","url":"https:\/\/nk5.es\/en\/","logo":{"@type":"ImageObject","inLanguage":"en-US","@id":"https:\/\/nk5.es\/en\/#\/schema\/logo\/image\/","url":"https:\/\/nk5.es\/wp-content\/uploads\/2022\/06\/medios-nk5.jpg","contentUrl":"https:\/\/nk5.es\/wp-content\/uploads\/2022\/06\/medios-nk5.jpg","width":960,"height":600,"caption":"NK5 \u2013 Reestructuraci\u00f3n empresarial y turnaround"},"image":{"@id":"https:\/\/nk5.es\/en\/#\/schema\/logo\/image\/"}}]}},"_links":{"self":[{"href":"https:\/\/nk5.es\/en\/wp-json\/wp\/v2\/pages\/1076"}],"collection":[{"href":"https:\/\/nk5.es\/en\/wp-json\/wp\/v2\/pages"}],"about":[{"href":"https:\/\/nk5.es\/en\/wp-json\/wp\/v2\/types\/page"}],"author":[{"embeddable":true,"href":"https:\/\/nk5.es\/en\/wp-json\/wp\/v2\/users\/1"}],"replies":[{"embeddable":true,"href":"https:\/\/nk5.es\/en\/wp-json\/wp\/v2\/comments?post=1076"}],"version-history":[{"count":1,"href":"https:\/\/nk5.es\/en\/wp-json\/wp\/v2\/pages\/1076\/revisions"}],"predecessor-version":[{"id":6248,"href":"https:\/\/nk5.es\/en\/wp-json\/wp\/v2\/pages\/1076\/revisions\/6248"}],"wp:attachment":[{"href":"https:\/\/nk5.es\/en\/wp-json\/wp\/v2\/media?parent=1076"}],"curies":[{"name":"wp","href":"https:\/\/api.w.org\/{rel}","templated":true}]}}