{"id":1085,"date":"2022-06-06T09:22:51","date_gmt":"2022-06-06T09:22:51","guid":{"rendered":"https:\/\/nk5.es\/privacidad\/"},"modified":"2023-11-24T08:31:25","modified_gmt":"2023-11-24T08:31:25","slug":"privacy-policy","status":"publish","type":"page","link":"https:\/\/nk5.es\/en\/privacy-policy\/","title":{"rendered":"Privacy Policy"},"content":{"rendered":"<h5>EN Introducci\u00f3n<\/h5>\n<p>En cumplimiento de la normativa vigente en materia de protecci\u00f3n de datos ponemos a disposici\u00f3n de los Usuarios la presente pol\u00edtica de privacidad, con la finalidad de ofrecerle la informaci\u00f3n sobre como tratamos sus datos personales y protegemos su privacidad e informaci\u00f3n.<br \/>\nLa presente pol\u00edtica de privacidad se aplica a la p\u00e1gina web de NK5 PARTNERS S.L., puesta a disposici\u00f3n del p\u00fablico en la URL \u201chttps:\/\/nk5.es\/\u201d, as\u00ed como a ciertas interacciones que el Usuario realice con NK5 PARTNERS S.L. en relaci\u00f3n a los contenidos ofrecidos en la p\u00e1gina web.<\/p>\n<h5>\u00bfQui\u00e9n es el Responsable del tratamiento de sus datos personales?<\/h5>\n<p>El Responsable del tratamiento de los datos personales es la entidad NK5 PARTNERS S.L., con domicilio en Calle Zurbar\u00e1n, 20, 28010, Madrid y con CIF B87284337 (en adelante, NK5).<br \/>\n\u00bfCon qu\u00e9 finalidad tratamos sus datos personales?<br \/>\nLos datos personales tratados a trav\u00e9s de la presente p\u00e1gina web pueden ser tratados por NK5 para las siguientes finalidades:<\/p>\n<p><strong>Finalidad 1. Contacto.<\/strong><\/p>\n<ul>\n<li>Datos tratados con esta finalidad: Datos identificativos y de contacto relacionados con la condici\u00f3n de interesado en los servicios prestados por NK5. Por ejemplo, el nombre y apellido, su direcci\u00f3n de correo electr\u00f3nico y su n\u00famero de tel\u00e9fono. Tambi\u00e9n podr\u00edamos tratar otros tipos de datos, como la direcci\u00f3n IP, navegador o sistema operativo, en la medida que sea necesario para el correcto desarrollo de la navegaci\u00f3n web.<\/li>\n<li>Descripci\u00f3n de la finalidad: Mantener el contacto entre NK5 y el Usuario y gestionar las consultas que traslade el Usuario a trav\u00e9s de la pesta\u00f1a \u201cContacto\u201d de la presente p\u00e1gina web o bien a trav\u00e9s del n\u00famero de tel\u00e9fono de contacto de nuestra entidad.<\/li>\n<li>Base de legitimaci\u00f3n: Ejecuci\u00f3n de la relaci\u00f3n jur\u00eddica que se origina en el momento en el que nos transmite una consulta a trav\u00e9s del correspondiente formulario o a trav\u00e9s de los n\u00fameros de tel\u00e9fono de contacto de la entidad.<\/li>\n<\/ul>\n<p><strong>Finalidad 2. Realizar an\u00e1lisis estad\u00edsticos para la optimizaci\u00f3n del servicio.<\/strong><\/p>\n<ul>\n<li>Datos tratados para esta finalidad: Datos identificativos, datos relativos a caracter\u00edsticas personales y sociales.<\/li>\n<li>Descripci\u00f3n de la finalidad: Elaborar an\u00e1lisis estad\u00edsticos sobre la utilizaci\u00f3n de los servicios que NK5 pone a disposici\u00f3n de sus usuarios y evaluar la calidad de los mismos.<\/li>\n<li>Base de legitimaci\u00f3n: Basamos este tratamiento en el inter\u00e9s leg\u00edtimo de NK5 consistente en la mejora cont\u00ednua del modelo de negocio de dicha entidad y la subsanaci\u00f3n de las deficiencias que pudieran detectarse en la entrega de los servicios y productos.<\/li>\n<li>Si deseas obtener m\u00e1s informaci\u00f3n en relaci\u00f3n con el inter\u00e9s leg\u00edtimo invocado por NK5, puede contactar con nosotros en la siguiente direcci\u00f3n: priego@nk5.es<\/li>\n<\/ul>\n<h5>\u00bfA qui\u00e9n se comunican los datos?<\/h5>\n<p>NK5 informa que, los datos pueden ser comunicados a los siguientes destinatarios:<\/p>\n<ul>\n<li>Autoridades nacionales o internacionales competentes, incluyendo \u00f3rganos judiciales, organismos reguladores y supervisores y Cuerpos y Fuerzas de Seguridad del Estado.<\/li>\n<\/ul>\n<p>De manera adicional, tenga en cuenta que para la prestaci\u00f3n de los servicios puestos a disposici\u00f3n a trav\u00e9s del presente Sitio Web es necesaria la intervenci\u00f3n de terceros prestadores de servicios (por ejemplo, alojamiento e infraestructura web, herramientas de gesti\u00f3n de clientes, etc.) que tratar\u00e1n sus datos personales bajo nuestra responsabilidad, en nuestro nombre y siguiendo nuestras instrucciones.<\/p>\n<h5>\u00bfPor cu\u00e1nto tiempo conservaremos sus datos?<\/h5>\n<p>NK5 conservar\u00e1 sus datos personales durante el tiempo necesario para alcanzar la finalidad o finalidades de tratamiento perseguidas.<br \/>\nPosteriormente, siempre que el usuario no haya ejercicio su derecho de supresi\u00f3n, sus datos ser\u00e1n conservados durante los plazos legales que en cada caso resulten de aplicaci\u00f3n, teniendo en cuenta la tipolog\u00eda de datos, as\u00ed como la finalidad del tratamiento.<br \/>\nEn cualquier caso, el usuario puede solicitar informaci\u00f3n detallada sobre los plazos de conservaci\u00f3n de datos aplicados en NK5 poni\u00e9ndose en contacto a trav\u00e9s de la siguiente direcci\u00f3n de correo electr\u00f3nico: priego@nk5.es.<\/p>\n<h5>\u00bfQu\u00e9 datos personales debe facilitarnos en cada caso y qu\u00e9 debe garantizarnos?<\/h5>\n<p>NK5 informa a los Usuarios que, cuando los datos personales sean recabados a trav\u00e9s de un formulario puesto a disposici\u00f3n a trav\u00e9s de nuestra p\u00e1gina web, ser\u00e1 necesario que el usuario aporte, al menos, aquellos datos marcados con el t\u00e9rmino (requerido). En caso de no suministrar al menos tales datos, considerados como necesarios, NK5 no podr\u00e1 atender la consulta o solicitud del Usuario.<br \/>\nEl Usuario garantiza que los datos que aporte son verdaderos, exactos, completos y se encuentran actualizados, siendo responsable de cualquier da\u00f1o o perjuicio, directo o indirecto, que pudiera ocasionarse como consecuencia del incumplimiento de tal obligaci\u00f3n.<\/p>\n<h5>\u00bfCu\u00e1les son sus derechos sobre sus datos personales?<\/h5>\n<p>NK5 le informa que tiene derecho a obtener confirmaci\u00f3n sobre si estamos tratando datos personales que le conciernen o no.<br \/>\nDel mismo modo, NK5 le informa que Ud. cuenta con los siguientes derechos sobre sus datos de car\u00e1cter personal:<\/p>\n<ul>\n<li>Acceder a sus datos: Tiene derecho a acceder a sus datos para conocer qu\u00e9 datos personales estamos tratando que le conciernen.<\/li>\n<li>Solicitar la rectificaci\u00f3n o supresi\u00f3n de sus datos: En determinadas circunstancias, tiene derecho a rectificar aquellos datos personales que considere inexactos y que le conciernan, y que sean objeto de tratamiento por parte de NK5, as\u00ed como derecho a solicitar la supresi\u00f3n de sus datos cuando, entre otros motivos, los datos ya no fueran necesarios para los fines que fueron recogidos.<\/li>\n<li>Solicitar la limitaci\u00f3n del tratamiento de sus datos: En determinadas circunstancias, tendr\u00e1 derecho a solicitarnos la limitaci\u00f3n del tratamiento de sus datos, en cuyo caso le informamos que \u00fanicamente conservaremos los datos sobre los que haya solicitado limitaci\u00f3n en el tratamiento para el ejercicio o defensa de reclamaciones.<\/li>\n<li>A la portabilidad de sus datos: En determinadas circunstancias, tendr\u00e1 derecho a recibir los datos personales que le incumban, y que nos haya facilitado, en un formato estructurado de uso com\u00fan y lectura mec\u00e1nica, as\u00ed como a que sean transmitidos por parte de NK5 a otro responsable del tratamiento.<\/li>\n<li>Oponerse al tratamiento de sus datos: En determinadas circunstancias y por motivos relacionados con su situaci\u00f3n particular, tendr\u00e1 derecho a oponerse al tratamiento de sus datos en cuyo caso, dejar\u00edamos de tratarlos salvo que debamos continuar haci\u00e9ndolo por motivos leg\u00edtimos o para el ejercicio o la defensa de posibles reclamaciones.<\/li>\n<\/ul>\n<p>Asimismo, le recordamos que tiene derecho a oponerse, en cualquier momento, al env\u00edo de publicidad de productos y servicios propios de NK5, as\u00ed como a retirar cualquiera de los consentimientos que hubiera prestado para el tratamiento de sus datos, sin que ello afecte a la licitud del tratamiento basado en el consentimiento previo a su retirada.<\/p>\n<p>NK5 le informa que podr\u00e1 ejercitar los derechos sobre sus datos personales mediante escrito dirigido a NK5, con la referencia \u201cEjercicio de derechos \u2013 NK5\u201d, y al que deber\u00e1 acompa\u00f1ar copia de su DNI, NIE, Pasaporte o documento equivalente, por las dos caras, con la finalidad de acreditar su identidad.<br \/>\nPodr\u00e1 dirigir sus solicitudes a cualquiera de las siguientes direcciones:<\/p>\n<ul>\n<li>NK5 PARTNERS S.L. a la direcci\u00f3n con domicilio en Calle Zurbar\u00e1n, 20, 28010, Madrid.<\/li>\n<li>priego@nk5.es<\/li>\n<\/ul>\n<p>NK5 le facilitar\u00e1 la informaci\u00f3n solicitada en el plazo m\u00e1ximo de 1 mes desde la recepci\u00f3n de la solicitud, si bien la informamos que dicho plazo podr\u00eda prorrogarse otros 2 meses teniendo en cuenta la complejidad y el n\u00famero de solicitudes.<\/p>\n<p>Por \u00faltimo, NK5 le informa que podr\u00e1 presentar reclamaci\u00f3n ante la Autoridad de Control competente en materia de Protecci\u00f3n de Datos que en Espa\u00f1a es la Agencia Espa\u00f1ola de Protecci\u00f3n de Datos (www.aepd.es).<\/p>\n","protected":false},"excerpt":{"rendered":"<p>EN Introducci\u00f3n En cumplimiento de la normativa vigente en materia de protecci\u00f3n de datos ponemos a disposici\u00f3n de los Usuarios la presente pol\u00edtica de privacidad, con la finalidad de ofrecerle la informaci\u00f3n sobre como tratamos sus datos personales y protegemos su privacidad e informaci\u00f3n. La presente pol\u00edtica de privacidad se aplica a la p\u00e1gina web [&hellip;]<\/p>\n","protected":false},"author":1,"featured_media":0,"parent":0,"menu_order":12,"comment_status":"closed","ping_status":"closed","template":"templates\/page-legal.php","meta":{"footnotes":""},"acf":[],"yoast_head":"<!-- This site is optimized with the Yoast SEO plugin v22.6 - https:\/\/yoast.com\/wordpress\/plugins\/seo\/ -->\n<title>Privacy Policy - NK5<\/title>\n<meta name=\"robots\" content=\"index, follow, max-snippet:-1, max-image-preview:large, max-video-preview:-1\" \/>\n<link rel=\"canonical\" href=\"https:\/\/nk5.es\/en\/privacy-policy\/\" \/>\n<meta property=\"og:locale\" content=\"en_US\" \/>\n<meta property=\"og:type\" content=\"article\" \/>\n<meta property=\"og:title\" content=\"Privacy Policy - NK5\" \/>\n<meta property=\"og:description\" content=\"EN Introducci\u00f3n En cumplimiento de la normativa vigente en materia de protecci\u00f3n de datos ponemos a disposici\u00f3n de los Usuarios la presente pol\u00edtica de privacidad, con la finalidad de ofrecerle la informaci\u00f3n sobre como tratamos sus datos personales y protegemos su privacidad e informaci\u00f3n. La presente pol\u00edtica de privacidad se aplica a la p\u00e1gina web [&hellip;]\" \/>\n<meta property=\"og:url\" content=\"https:\/\/nk5.es\/en\/privacy-policy\/\" \/>\n<meta property=\"og:site_name\" content=\"NK5\" \/>\n<meta property=\"article:modified_time\" content=\"2023-11-24T08:31:25+00:00\" \/>\n<meta name=\"twitter:card\" content=\"summary_large_image\" \/>\n<meta name=\"twitter:label1\" content=\"Est. reading time\" \/>\n\t<meta name=\"twitter:data1\" content=\"7 minutes\" \/>\n<script type=\"application\/ld+json\" class=\"yoast-schema-graph\">{\"@context\":\"https:\/\/schema.org\",\"@graph\":[{\"@type\":\"WebPage\",\"@id\":\"https:\/\/nk5.es\/en\/privacy-policy\/\",\"url\":\"https:\/\/nk5.es\/en\/privacy-policy\/\",\"name\":\"Privacy Policy - NK5\",\"isPartOf\":{\"@id\":\"https:\/\/nk5.es\/en\/#website\"},\"datePublished\":\"2022-06-06T09:22:51+00:00\",\"dateModified\":\"2023-11-24T08:31:25+00:00\",\"breadcrumb\":{\"@id\":\"https:\/\/nk5.es\/en\/privacy-policy\/#breadcrumb\"},\"inLanguage\":\"en-US\",\"potentialAction\":[{\"@type\":\"ReadAction\",\"target\":[\"https:\/\/nk5.es\/en\/privacy-policy\/\"]}]},{\"@type\":\"BreadcrumbList\",\"@id\":\"https:\/\/nk5.es\/en\/privacy-policy\/#breadcrumb\",\"itemListElement\":[{\"@type\":\"ListItem\",\"position\":1,\"name\":\"Home\",\"item\":\"https:\/\/nk5.es\/en\/\"},{\"@type\":\"ListItem\",\"position\":2,\"name\":\"Privacy Policy\"}]},{\"@type\":\"WebSite\",\"@id\":\"https:\/\/nk5.es\/en\/#website\",\"url\":\"https:\/\/nk5.es\/en\/\",\"name\":\"NK5\",\"description\":\"Reestructuraci\u00f3n empresarial y turnaround\",\"publisher\":{\"@id\":\"https:\/\/nk5.es\/en\/#organization\"},\"potentialAction\":[{\"@type\":\"SearchAction\",\"target\":{\"@type\":\"EntryPoint\",\"urlTemplate\":\"https:\/\/nk5.es\/en\/?s={search_term_string}\"},\"query-input\":\"required name=search_term_string\"}],\"inLanguage\":\"en-US\"},{\"@type\":\"Organization\",\"@id\":\"https:\/\/nk5.es\/en\/#organization\",\"name\":\"NK5 \u2013 Reestructuraci\u00f3n empresarial y turnaround\",\"url\":\"https:\/\/nk5.es\/en\/\",\"logo\":{\"@type\":\"ImageObject\",\"inLanguage\":\"en-US\",\"@id\":\"https:\/\/nk5.es\/en\/#\/schema\/logo\/image\/\",\"url\":\"https:\/\/nk5.es\/wp-content\/uploads\/2022\/06\/medios-nk5.jpg\",\"contentUrl\":\"https:\/\/nk5.es\/wp-content\/uploads\/2022\/06\/medios-nk5.jpg\",\"width\":960,\"height\":600,\"caption\":\"NK5 \u2013 Reestructuraci\u00f3n empresarial y turnaround\"},\"image\":{\"@id\":\"https:\/\/nk5.es\/en\/#\/schema\/logo\/image\/\"}}]}<\/script>\n<!-- \/ Yoast SEO plugin. -->","yoast_head_json":{"title":"Privacy Policy - NK5","robots":{"index":"index","follow":"follow","max-snippet":"max-snippet:-1","max-image-preview":"max-image-preview:large","max-video-preview":"max-video-preview:-1"},"canonical":"https:\/\/nk5.es\/en\/privacy-policy\/","og_locale":"en_US","og_type":"article","og_title":"Privacy Policy - NK5","og_description":"EN Introducci\u00f3n En cumplimiento de la normativa vigente en materia de protecci\u00f3n de datos ponemos a disposici\u00f3n de los Usuarios la presente pol\u00edtica de privacidad, con la finalidad de ofrecerle la informaci\u00f3n sobre como tratamos sus datos personales y protegemos su privacidad e informaci\u00f3n. La presente pol\u00edtica de privacidad se aplica a la p\u00e1gina web [&hellip;]","og_url":"https:\/\/nk5.es\/en\/privacy-policy\/","og_site_name":"NK5","article_modified_time":"2023-11-24T08:31:25+00:00","twitter_card":"summary_large_image","twitter_misc":{"Est. reading time":"7 minutes"},"schema":{"@context":"https:\/\/schema.org","@graph":[{"@type":"WebPage","@id":"https:\/\/nk5.es\/en\/privacy-policy\/","url":"https:\/\/nk5.es\/en\/privacy-policy\/","name":"Privacy Policy - NK5","isPartOf":{"@id":"https:\/\/nk5.es\/en\/#website"},"datePublished":"2022-06-06T09:22:51+00:00","dateModified":"2023-11-24T08:31:25+00:00","breadcrumb":{"@id":"https:\/\/nk5.es\/en\/privacy-policy\/#breadcrumb"},"inLanguage":"en-US","potentialAction":[{"@type":"ReadAction","target":["https:\/\/nk5.es\/en\/privacy-policy\/"]}]},{"@type":"BreadcrumbList","@id":"https:\/\/nk5.es\/en\/privacy-policy\/#breadcrumb","itemListElement":[{"@type":"ListItem","position":1,"name":"Home","item":"https:\/\/nk5.es\/en\/"},{"@type":"ListItem","position":2,"name":"Privacy Policy"}]},{"@type":"WebSite","@id":"https:\/\/nk5.es\/en\/#website","url":"https:\/\/nk5.es\/en\/","name":"NK5","description":"Reestructuraci\u00f3n empresarial y turnaround","publisher":{"@id":"https:\/\/nk5.es\/en\/#organization"},"potentialAction":[{"@type":"SearchAction","target":{"@type":"EntryPoint","urlTemplate":"https:\/\/nk5.es\/en\/?s={search_term_string}"},"query-input":"required name=search_term_string"}],"inLanguage":"en-US"},{"@type":"Organization","@id":"https:\/\/nk5.es\/en\/#organization","name":"NK5 \u2013 Reestructuraci\u00f3n empresarial y turnaround","url":"https:\/\/nk5.es\/en\/","logo":{"@type":"ImageObject","inLanguage":"en-US","@id":"https:\/\/nk5.es\/en\/#\/schema\/logo\/image\/","url":"https:\/\/nk5.es\/wp-content\/uploads\/2022\/06\/medios-nk5.jpg","contentUrl":"https:\/\/nk5.es\/wp-content\/uploads\/2022\/06\/medios-nk5.jpg","width":960,"height":600,"caption":"NK5 \u2013 Reestructuraci\u00f3n empresarial y turnaround"},"image":{"@id":"https:\/\/nk5.es\/en\/#\/schema\/logo\/image\/"}}]}},"_links":{"self":[{"href":"https:\/\/nk5.es\/en\/wp-json\/wp\/v2\/pages\/1085"}],"collection":[{"href":"https:\/\/nk5.es\/en\/wp-json\/wp\/v2\/pages"}],"about":[{"href":"https:\/\/nk5.es\/en\/wp-json\/wp\/v2\/types\/page"}],"author":[{"embeddable":true,"href":"https:\/\/nk5.es\/en\/wp-json\/wp\/v2\/users\/1"}],"replies":[{"embeddable":true,"href":"https:\/\/nk5.es\/en\/wp-json\/wp\/v2\/comments?post=1085"}],"version-history":[{"count":2,"href":"https:\/\/nk5.es\/en\/wp-json\/wp\/v2\/pages\/1085\/revisions"}],"predecessor-version":[{"id":1088,"href":"https:\/\/nk5.es\/en\/wp-json\/wp\/v2\/pages\/1085\/revisions\/1088"}],"wp:attachment":[{"href":"https:\/\/nk5.es\/en\/wp-json\/wp\/v2\/media?parent=1085"}],"curies":[{"name":"wp","href":"https:\/\/api.w.org\/{rel}","templated":true}]}}